{"id":19256,"date":"2026-04-16T16:06:27","date_gmt":"2026-04-16T19:06:27","guid":{"rendered":"https:\/\/ecocolor.cl\/tienda\/?post_type=product&#038;p=19256"},"modified":"2026-04-17T18:46:47","modified_gmt":"2026-04-17T21:46:47","slug":"impresora-brother-mfc-t930dw-multifuncional-wifi-duplex-adf","status":"publish","type":"product","link":"https:\/\/ecocolor.cl\/tienda\/producto\/impresora-brother-mfc-t930dw-multifuncional-wifi-duplex-adf\/","title":{"rendered":"Impresora Brother MFC-T930DW Multifuncional Wifi \/ Duplex \/ ADF"},"content":{"rendered":"<div class=\"ui-pdp-container__row\">\n<div class=\"ui-pdp-container__col col-1 pl-24 pr-24\">\n<div class=\"ui-pdp-collapsable mt-24 ui-pdp-description-collapse\">\n<div class=\"ui-pdp-collapsable__container\">\n<div id=\"description\" class=\"ui-pdp-description\">\n<div class=\"n2_ss_slider_publish__option_code\" dir=\"ltr\" data-mode=\"id\">\n<div class=\"n2_ss_slider_publish__option_code\" dir=\"ltr\" data-mode=\"id\">\n<div class=\"n2_ss_slider_publish__option_code\" dir=\"ltr\" data-mode=\"id\">\n<div class=\"n2_ss_slider_publish__option_code\" dir=\"ltr\" data-mode=\"id\">\n<div class=\"n2_ss_slider_publish__option_code\" dir=\"ltr\" data-mode=\"id\">\n<div class=\"n2_ss_slider_publish__option_code\" dir=\"ltr\" data-mode=\"id\">\n<div class=\"n2_ss_slider_publish__option_code\" dir=\"ltr\" data-mode=\"id\">\n<div class=\"n2_ss_slider_publish__option_code\" dir=\"ltr\" data-mode=\"id\">\n<div class=\"n2_ss_slider_publish__option_code\" dir=\"ltr\" data-mode=\"id\"><\/div>\n<\/div>\n<div dir=\"ltr\" data-mode=\"id\">\n<div class=\"n2_ss_slider_publish__option_code\" dir=\"ltr\" data-mode=\"id\"><\/div>\n<\/div>\n<\/div>\n<\/div>\n<\/div>\n<\/div>\n<\/div>\n<\/div>\n<\/div>\n<p class=\"ui-pdp-description__content\" data-testid=\"content\">Aumenta tu productividad con la Impresora Multifuncional Brother MFC-T930DW. Impresora de inyecci\u00f3n de tinta a color dise\u00f1ada para simplificar tus tareas diarias de impresi\u00f3n, copiado, escaneo y fax en un solo dispositivo pr\u00e1ctico y eficiente.<\/p>\n<p class=\"ui-pdp-description__content\" data-testid=\"content\">Impresi\u00f3n r\u00e1pida y de alta calidad. Disfruta de velocidades de impresi\u00f3n de hasta 30 p\u00e1ginas por minuto en negro y 26 p\u00e1ginas por minuto en color en modo eco. Seg\u00fan los est\u00e1ndares ISO\/IEC24734, alcanza velocidades de 17ipm en negro y 16ipm en color, ofreciendo resultados n\u00edtidos y profesionales.<\/p>\n<p class=\"ui-pdp-description__content\" data-testid=\"content\">\u00a0&#8211; Pantalla LCD a color de 1,8 pulgadas y teclas intuitivas para un manejo sencillo.<\/p>\n<p class=\"ui-pdp-description__content\" data-testid=\"content\">&#8211; Bandeja de papel de 150 hojas y bandeja multiprop\u00f3sito de 80 hojas para adaptarse a diversas necesidades.<\/p>\n<p class=\"ui-pdp-description__content\" data-testid=\"content\">&#8211; Alimentador autom\u00e1tico de documentos (ADF) con capacidad de hasta 20 p\u00e1ginas, ideal para tareas intensivas.<\/p>\n<p class=\"ui-pdp-description__content\" data-testid=\"content\">&#8211; Conexi\u00f3n inal\u00e1mbrica de doble banda (2.4 GHz \/ 5 GHz).<\/p>\n<p class=\"ui-pdp-description__content\" data-testid=\"content\">&#8211; Ethernet y USB 2.0 de alta velocidad. Impresi\u00f3n directa desde memoria USB.<\/p>\n<p class=\"ui-pdp-description__content\" data-testid=\"content\">&#8211; Compatibilidad con la aplicaci\u00f3n Brother Mobile Connect para imprimir y escanear desde dispositivos m\u00f3viles. Adem\u00e1s, puedes\u00a0 \u00a0 \u00a0 \u00a0 \u00a0 \u00a0 \u00a0conectarte con aplicaciones web para acceder a tus documentos en l\u00ednea de manera r\u00e1pida y sencilla.<\/p>\n<p class=\"ui-pdp-description__content\" data-testid=\"content\">&#8211; Botellas de tinta redise\u00f1adas con boquillas antiderrames, que facilitan el llenado y garantizan el uso del color correcto.<\/p>\n<p class=\"ui-pdp-description__content\" data-testid=\"content\">&#8211; Incluye 2 botellas de tinta negra de alto rendimiento (hasta 15,000 p\u00e1ginas) y botellas de tinta cian, magenta y amarilla para\u00a0 \u00a0 \u00a0 \u00a0 \u00a0 \u00a0 \u00a0 \u00a0 \u00a0 \u00a0 \u00a0imprimir hasta 5,000 p\u00e1ginas a color.<\/p>\n<\/div>\n<\/div>\n<\/div>\n<\/div>\n<\/div>\n<div class=\"ui-pdp-container__row\">\n<div class=\"ui-pdp-container__col col-1\"><\/div>\n<\/div>\n<div class=\"ui-pdp-container__row ui-pdp-recommendations-row\">\n<div class=\"ui-pdp-container__col col-1\">\n<div class=\"ui-pdp-spot-middle\"><\/div>\n<\/div>\n<\/div>\n","protected":false},"excerpt":{"rendered":"<p>Aumenta tu productividad con la Impresora Multifuncional Brother MFC-T930DW. Impresora de inyecci\u00f3n de tinta a color dise\u00f1ada para simplificar tus tareas diarias de impresi\u00f3n, copiado, escaneo y fax en un solo dispositivo pr\u00e1ctico y eficiente. Impresi\u00f3n r\u00e1pida y de alta calidad. Disfruta de velocidades de impresi\u00f3n de hasta 30 p\u00e1ginas por minuto en negro y [&hellip;]<\/p>\n","protected":false},"featured_media":19257,"comment_status":"open","ping_status":"closed","template":"","meta":{"site-sidebar-layout":"default","site-content-layout":"","ast-site-content-layout":"default","site-content-style":"default","site-sidebar-style":"default","ast-global-header-display":"","ast-banner-title-visibility":"","ast-main-header-display":"","ast-hfb-above-header-display":"","ast-hfb-below-header-display":"","ast-hfb-mobile-header-display":"","site-post-title":"","ast-breadcrumbs-content":"","ast-featured-img":"","footer-sml-layout":"","theme-transparent-header-meta":"default","adv-header-id-meta":"","stick-header-meta":"","header-above-stick-meta":"","header-main-stick-meta":"","header-below-stick-meta":"","astra-migrate-meta-layouts":"set","ast-page-background-enabled":"default","ast-page-background-meta":{"desktop":{"background-color":"","background-image":"","background-repeat":"repeat","background-position":"center center","background-size":"auto","background-attachment":"scroll","background-type":"","background-media":"","overlay-type":"","overlay-color":"","overlay-opacity":"","overlay-gradient":""},"tablet":{"background-color":"","background-image":"","background-repeat":"repeat","background-position":"center center","background-size":"auto","background-attachment":"scroll","background-type":"","background-media":"","overlay-type":"","overlay-color":"","overlay-opacity":"","overlay-gradient":""},"mobile":{"background-color":"","background-image":"","background-repeat":"repeat","background-position":"center center","background-size":"auto","background-attachment":"scroll","background-type":"","background-media":"","overlay-type":"","overlay-color":"","overlay-opacity":"","overlay-gradient":""}},"ast-content-background-meta":{"desktop":{"background-color":"var(--ast-global-color-5)","background-image":"","background-repeat":"repeat","background-position":"center center","background-size":"auto","background-attachment":"scroll","background-type":"","background-media":"","overlay-type":"","overlay-color":"","overlay-opacity":"","overlay-gradient":""},"tablet":{"background-color":"var(--ast-global-color-5)","background-image":"","background-repeat":"repeat","background-position":"center center","background-size":"auto","background-attachment":"scroll","background-type":"","background-media":"","overlay-type":"","overlay-color":"","overlay-opacity":"","overlay-gradient":""},"mobile":{"background-color":"var(--ast-global-color-5)","background-image":"","background-repeat":"repeat","background-position":"center center","background-size":"auto","background-attachment":"scroll","background-type":"","background-media":"","overlay-type":"","overlay-color":"","overlay-opacity":"","overlay-gradient":""}}},"product_brand":[],"product_cat":[322,382],"product_tag":[],"class_list":{"0":"post-19256","1":"product","2":"type-product","3":"status-publish","4":"has-post-thumbnail","6":"product_cat-4-impresoras","7":"product_cat-inkjet","8":"desktop-align-left","9":"tablet-align-left","10":"mobile-align-left","12":"first","13":"instock","14":"taxable","15":"shipping-taxable","16":"purchasable","17":"product-type-simple"},"_links":{"self":[{"href":"https:\/\/ecocolor.cl\/tienda\/wp-json\/wp\/v2\/product\/19256","targetHints":{"allow":["GET"]}}],"collection":[{"href":"https:\/\/ecocolor.cl\/tienda\/wp-json\/wp\/v2\/product"}],"about":[{"href":"https:\/\/ecocolor.cl\/tienda\/wp-json\/wp\/v2\/types\/product"}],"replies":[{"embeddable":true,"href":"https:\/\/ecocolor.cl\/tienda\/wp-json\/wp\/v2\/comments?post=19256"}],"version-history":[{"count":15,"href":"https:\/\/ecocolor.cl\/tienda\/wp-json\/wp\/v2\/product\/19256\/revisions"}],"predecessor-version":[{"id":19263,"href":"https:\/\/ecocolor.cl\/tienda\/wp-json\/wp\/v2\/product\/19256\/revisions\/19263"}],"wp:featuredmedia":[{"embeddable":true,"href":"https:\/\/ecocolor.cl\/tienda\/wp-json\/wp\/v2\/media\/19257"}],"wp:attachment":[{"href":"https:\/\/ecocolor.cl\/tienda\/wp-json\/wp\/v2\/media?parent=19256"}],"wp:term":[{"taxonomy":"product_brand","embeddable":true,"href":"https:\/\/ecocolor.cl\/tienda\/wp-json\/wp\/v2\/product_brand?post=19256"},{"taxonomy":"product_cat","embeddable":true,"href":"https:\/\/ecocolor.cl\/tienda\/wp-json\/wp\/v2\/product_cat?post=19256"},{"taxonomy":"product_tag","embeddable":true,"href":"https:\/\/ecocolor.cl\/tienda\/wp-json\/wp\/v2\/product_tag?post=19256"}],"curies":[{"name":"wp","href":"https:\/\/api.w.org\/{rel}","templated":true}]}}