{"id":18419,"date":"2025-10-04T12:50:43","date_gmt":"2025-10-04T15:50:43","guid":{"rendered":"https:\/\/ecocolor.cl\/tienda\/?post_type=product&#038;p=18419"},"modified":"2026-05-06T07:30:39","modified_gmt":"2026-05-06T10:30:39","slug":"impresora-brother-mfc-t4500dw-multifuncional-a3-wifi-adf-ethernet-duplex","status":"publish","type":"product","link":"https:\/\/ecocolor.cl\/tienda\/producto\/impresora-brother-mfc-t4500dw-multifuncional-a3-wifi-adf-ethernet-duplex\/","title":{"rendered":"Impresora Brother MFC-T4500DW Multifuncional A3 \/ Wifi \/ Adf \/ Ethernet \/ Duplex"},"content":{"rendered":"<h2 class=\"m-b-30 nep-pdp-title2\">MFC-T4500DW<\/h2>\n<p>La multifuncional de inyecci\u00f3n de tinta a color MFC-T4500DW de la serie InkBenefit Tank Business de Brother ofrece resultados de alta calidad a bajo precio, junto con la ventaja adicional de poder imprimir en papel de hasta 27,9 x 43,2 cm (A3 &#8211; doble carta). Dise\u00f1ado para pymes, este potente equipo viene con una pantalla a color LCD de 2,7&#8243; (6,8 cm) que permite navegar f\u00e1cilmente por el men\u00fa e imprimir desde y escanear hacia varias aplicaciones populares en la nube\u2021. Impresi\u00f3n y escaneado mediante dispositivos m\u00f3viles para usuarios que se mantienen lejos del escritorio\u2021. La bandeja de hasta 250 hojas admite papel de hasta A3 y la bandeja multiprop\u00f3sito de 100 hojas es ideal para varios tama\u00f1os de papel. La funci\u00f3n d\u00faplex autom\u00e1tico (doble cara) ayuda a ahorrar papel y a reducir gastos de impresi\u00f3n y su alimentador autom\u00e1tico de documentos (ADF) de 50 hojas facilita la copia y escaneado de documentos.<\/p>\n<blockquote>\n<p class=\"m-b-10\"><strong>Caracter\u00edsticas Principales<\/strong><\/p>\n<ul>\n<li><b><\/b> Velocidad de impresi\u00f3n r\u00e1pida: 35 ppm\u2021\/27 ppm\u2021 (negro\/color, modo r\u00e1pido) y 22 ipm\u2021\/20 ipm\u2021 (negro\/color, ISO\/IEC 24734)<\/li>\n<li><b><\/b> Bandejas de papel pr\u00e1cticas. Bandeja frontal con capacidad de hasta 250 hojas hasta tama\u00f1o A3 (doble carta) y bandeja multiprop\u00f3sito de hasta 100 hojas para imprimir fotos, sobres y m\u00e1s<\/li>\n<li><b><\/b> Conectividad USB, red inal\u00e1mbrica (WiFi), Wi-Fi Direct\u00ae y red Ethernet para compartir el equipo con otros usuarios.<\/li>\n<li><b><\/b> Alimentador autom\u00e1tico de documentos (ADF) hasta 50 hojas para facilitar la copia y escaneado de documentos. Cuenta adem\u00e1s con esc\u00e1ner de cama plana.<\/li>\n<li><b><\/b> Impresi\u00f3n d\u00faplex autom\u00e1tica. Utilice la funcionalidad de impresi\u00f3n a dos caras autom\u00e1tica para imprimir ambas caras de sus documentos en un solo paso y reducir el uso de papel junto con ahorrar dinero.<\/li>\n<li><b><\/b> Pantalla LCD color 2,7&#8221; (6,8 cm), para navegar con facilidad por las funciones disponibles<\/li>\n<li><b><\/b> Impresi\u00f3n de calidad con una resoluci\u00f3n de hasta 4.800 x 1.200 dpi para colores v\u00edvidos. Imprima fotograf\u00edas con colores vibrantes y sin m\u00e1rgenes.<\/li>\n<li><b><\/b> Escaneo a color vers\u00e1til y de alta calidad.\u00a0Ofrece una resoluci\u00f3n \u00f3ptica de 2.400 x 1.200 dpi e interpolada de hasta 19.200 x 19.200 dpi.<\/li>\n<li><b><\/b> Puerto USB incorporado para imprimir o escanear desde all\u00ed (USB Host)<\/li>\n<li><b><\/b> Impresi\u00f3n y escaneado con dispositivos m\u00f3viles. Imprima desde y escanee hacia su smartphone o tablet mediante AirPrint, Mopria\u00ae, Wi-Fi Direct\u00ae y Brother iPrint&amp;Scan<\/li>\n<li><b><\/b> Tanque de tinta frontal incorporado de f\u00e1cil uso. Tanque de tinta de f\u00e1cil recarga para ahorrar espacio. Evite derrames con las botellas de tinta originales Brother<\/li>\n<li>Botellas de tinta de ultra alto rendimiento incluidas: 1 botella negra BTD60 Bk para 6.500 p\u00e1ginas y 1 de cada color BT5001 (C, M y Y) para 5.000 p\u00e1ginas.<\/li>\n<li><b><\/b> Multifuncional 4 en 1: imprime, copia, escanea y fax<\/li>\n<\/ul>\n<\/blockquote>\n","protected":false},"excerpt":{"rendered":"<div class=\"nep-product-meta\">\n<h6 class=\"nep-model-number\">MFC-T4500DW<\/h6>\n<p class=\"nep-product-title\">Multifuncional de inyecci\u00f3n de tinta a color para documentos hasta A3 (doble carta) con d\u00faplex,<\/p>\n<p class=\"nep-product-title\">Conectividad en red inal\u00e1mbrica,<\/p>\n<p class=\"nep-product-title\">Red Ethernet y unidad de ADF<\/p>\n<\/div>\n","protected":false},"featured_media":18435,"comment_status":"open","ping_status":"closed","template":"","meta":{"site-sidebar-layout":"default","site-content-layout":"","ast-site-content-layout":"default","site-content-style":"default","site-sidebar-style":"default","ast-global-header-display":"","ast-banner-title-visibility":"","ast-main-header-display":"","ast-hfb-above-header-display":"","ast-hfb-below-header-display":"","ast-hfb-mobile-header-display":"","site-post-title":"","ast-breadcrumbs-content":"","ast-featured-img":"","footer-sml-layout":"","theme-transparent-header-meta":"default","adv-header-id-meta":"","stick-header-meta":"","header-above-stick-meta":"","header-main-stick-meta":"","header-below-stick-meta":"","astra-migrate-meta-layouts":"set","ast-page-background-enabled":"default","ast-page-background-meta":{"desktop":{"background-color":"","background-image":"","background-repeat":"repeat","background-position":"center center","background-size":"auto","background-attachment":"scroll","background-type":"","background-media":"","overlay-type":"","overlay-color":"","overlay-opacity":"","overlay-gradient":""},"tablet":{"background-color":"","background-image":"","background-repeat":"repeat","background-position":"center center","background-size":"auto","background-attachment":"scroll","background-type":"","background-media":"","overlay-type":"","overlay-color":"","overlay-opacity":"","overlay-gradient":""},"mobile":{"background-color":"","background-image":"","background-repeat":"repeat","background-position":"center center","background-size":"auto","background-attachment":"scroll","background-type":"","background-media":"","overlay-type":"","overlay-color":"","overlay-opacity":"","overlay-gradient":""}},"ast-content-background-meta":{"desktop":{"background-color":"var(--ast-global-color-5)","background-image":"","background-repeat":"repeat","background-position":"center center","background-size":"auto","background-attachment":"scroll","background-type":"","background-media":"","overlay-type":"","overlay-color":"","overlay-opacity":"","overlay-gradient":""},"tablet":{"background-color":"var(--ast-global-color-5)","background-image":"","background-repeat":"repeat","background-position":"center center","background-size":"auto","background-attachment":"scroll","background-type":"","background-media":"","overlay-type":"","overlay-color":"","overlay-opacity":"","overlay-gradient":""},"mobile":{"background-color":"var(--ast-global-color-5)","background-image":"","background-repeat":"repeat","background-position":"center center","background-size":"auto","background-attachment":"scroll","background-type":"","background-media":"","overlay-type":"","overlay-color":"","overlay-opacity":"","overlay-gradient":""}}},"product_brand":[],"product_cat":[322,382],"product_tag":[],"class_list":{"0":"post-18419","1":"product","2":"type-product","3":"status-publish","4":"has-post-thumbnail","6":"product_cat-4-impresoras","7":"product_cat-inkjet","8":"desktop-align-left","9":"tablet-align-left","10":"mobile-align-left","12":"first","13":"instock","14":"taxable","15":"shipping-taxable","16":"purchasable","17":"product-type-simple"},"_links":{"self":[{"href":"https:\/\/ecocolor.cl\/tienda\/wp-json\/wp\/v2\/product\/18419","targetHints":{"allow":["GET"]}}],"collection":[{"href":"https:\/\/ecocolor.cl\/tienda\/wp-json\/wp\/v2\/product"}],"about":[{"href":"https:\/\/ecocolor.cl\/tienda\/wp-json\/wp\/v2\/types\/product"}],"replies":[{"embeddable":true,"href":"https:\/\/ecocolor.cl\/tienda\/wp-json\/wp\/v2\/comments?post=18419"}],"version-history":[{"count":3,"href":"https:\/\/ecocolor.cl\/tienda\/wp-json\/wp\/v2\/product\/18419\/revisions"}],"predecessor-version":[{"id":18444,"href":"https:\/\/ecocolor.cl\/tienda\/wp-json\/wp\/v2\/product\/18419\/revisions\/18444"}],"wp:featuredmedia":[{"embeddable":true,"href":"https:\/\/ecocolor.cl\/tienda\/wp-json\/wp\/v2\/media\/18435"}],"wp:attachment":[{"href":"https:\/\/ecocolor.cl\/tienda\/wp-json\/wp\/v2\/media?parent=18419"}],"wp:term":[{"taxonomy":"product_brand","embeddable":true,"href":"https:\/\/ecocolor.cl\/tienda\/wp-json\/wp\/v2\/product_brand?post=18419"},{"taxonomy":"product_cat","embeddable":true,"href":"https:\/\/ecocolor.cl\/tienda\/wp-json\/wp\/v2\/product_cat?post=18419"},{"taxonomy":"product_tag","embeddable":true,"href":"https:\/\/ecocolor.cl\/tienda\/wp-json\/wp\/v2\/product_tag?post=18419"}],"curies":[{"name":"wp","href":"https:\/\/api.w.org\/{rel}","templated":true}]}}