{"id":18320,"date":"2025-09-24T17:23:32","date_gmt":"2025-09-24T20:23:32","guid":{"rendered":"https:\/\/ecocolor.cl\/tienda\/?post_type=product&#038;p=18320"},"modified":"2026-03-24T22:35:11","modified_gmt":"2026-03-25T01:35:11","slug":"pack-x3-tinta-hp-712-magenta-original-t210-t230-t250-t630-t650","status":"publish","type":"product","link":"https:\/\/ecocolor.cl\/tienda\/producto\/pack-x3-tinta-hp-712-magenta-original-t210-t230-t250-t630-t650\/","title":{"rendered":"Tinta Hp 712 Pack X3 Magenta Original T210 \/ T230 \/ T250 \/ T630 \/ T650"},"content":{"rendered":"<p>Pack X3 Cartuchos de Tinta HP DesignJet 712 Magenta<\/p>\n<p>Las tintas HP Bright Office est\u00e1n dise\u00f1adas para mejorar el proceso de colaboraci\u00f3n y revisi\u00f3n en la oficina, para ofrecer impresiones de alta calidad con colores brillantes e impactantes que resaltan cada detalle hasta en el papel m\u00e1s simple.<br \/>\nDise\u00f1ado para y compatible con impresoras plotter de gran formato HP DesignJet T650, T250, T210 y Studio.<\/p>\n","protected":false},"excerpt":{"rendered":"<p>Pack X3 Cartuchos de Tinta HP DesignJet 712 Magenta Las tintas HP Bright Office est\u00e1n dise\u00f1adas para mejorar el proceso de colaboraci\u00f3n y revisi\u00f3n en la oficina, para ofrecer impresiones de alta calidad con colores brillantes e impactantes que resaltan cada detalle hasta en el papel m\u00e1s simple. Dise\u00f1ado para y compatible con impresoras plotter [&hellip;]<\/p>\n","protected":false},"featured_media":18322,"comment_status":"open","ping_status":"closed","template":"","meta":{"site-sidebar-layout":"default","site-content-layout":"","ast-site-content-layout":"default","site-content-style":"default","site-sidebar-style":"default","ast-global-header-display":"","ast-banner-title-visibility":"","ast-main-header-display":"","ast-hfb-above-header-display":"","ast-hfb-below-header-display":"","ast-hfb-mobile-header-display":"","site-post-title":"","ast-breadcrumbs-content":"","ast-featured-img":"","footer-sml-layout":"","theme-transparent-header-meta":"default","adv-header-id-meta":"","stick-header-meta":"","header-above-stick-meta":"","header-main-stick-meta":"","header-below-stick-meta":"","astra-migrate-meta-layouts":"set","ast-page-background-enabled":"default","ast-page-background-meta":{"desktop":{"background-color":"","background-image":"","background-repeat":"repeat","background-position":"center center","background-size":"auto","background-attachment":"scroll","background-type":"","background-media":"","overlay-type":"","overlay-color":"","overlay-opacity":"","overlay-gradient":""},"tablet":{"background-color":"","background-image":"","background-repeat":"repeat","background-position":"center center","background-size":"auto","background-attachment":"scroll","background-type":"","background-media":"","overlay-type":"","overlay-color":"","overlay-opacity":"","overlay-gradient":""},"mobile":{"background-color":"","background-image":"","background-repeat":"repeat","background-position":"center center","background-size":"auto","background-attachment":"scroll","background-type":"","background-media":"","overlay-type":"","overlay-color":"","overlay-opacity":"","overlay-gradient":""}},"ast-content-background-meta":{"desktop":{"background-color":"var(--ast-global-color-5)","background-image":"","background-repeat":"repeat","background-position":"center center","background-size":"auto","background-attachment":"scroll","background-type":"","background-media":"","overlay-type":"","overlay-color":"","overlay-opacity":"","overlay-gradient":""},"tablet":{"background-color":"var(--ast-global-color-5)","background-image":"","background-repeat":"repeat","background-position":"center center","background-size":"auto","background-attachment":"scroll","background-type":"","background-media":"","overlay-type":"","overlay-color":"","overlay-opacity":"","overlay-gradient":""},"mobile":{"background-color":"var(--ast-global-color-5)","background-image":"","background-repeat":"repeat","background-position":"center center","background-size":"auto","background-attachment":"scroll","background-type":"","background-media":"","overlay-type":"","overlay-color":"","overlay-opacity":"","overlay-gradient":""}}},"product_brand":[],"product_cat":[316,371],"product_tag":[],"class_list":{"0":"post-18320","1":"product","2":"type-product","3":"status-publish","4":"has-post-thumbnail","6":"product_cat-1-tintas","7":"product_cat-hp","8":"desktop-align-left","9":"tablet-align-left","10":"mobile-align-left","12":"first","13":"instock","14":"taxable","15":"shipping-taxable","16":"purchasable","17":"product-type-simple"},"_links":{"self":[{"href":"https:\/\/ecocolor.cl\/tienda\/wp-json\/wp\/v2\/product\/18320","targetHints":{"allow":["GET"]}}],"collection":[{"href":"https:\/\/ecocolor.cl\/tienda\/wp-json\/wp\/v2\/product"}],"about":[{"href":"https:\/\/ecocolor.cl\/tienda\/wp-json\/wp\/v2\/types\/product"}],"replies":[{"embeddable":true,"href":"https:\/\/ecocolor.cl\/tienda\/wp-json\/wp\/v2\/comments?post=18320"}],"version-history":[{"count":4,"href":"https:\/\/ecocolor.cl\/tienda\/wp-json\/wp\/v2\/product\/18320\/revisions"}],"predecessor-version":[{"id":18328,"href":"https:\/\/ecocolor.cl\/tienda\/wp-json\/wp\/v2\/product\/18320\/revisions\/18328"}],"wp:featuredmedia":[{"embeddable":true,"href":"https:\/\/ecocolor.cl\/tienda\/wp-json\/wp\/v2\/media\/18322"}],"wp:attachment":[{"href":"https:\/\/ecocolor.cl\/tienda\/wp-json\/wp\/v2\/media?parent=18320"}],"wp:term":[{"taxonomy":"product_brand","embeddable":true,"href":"https:\/\/ecocolor.cl\/tienda\/wp-json\/wp\/v2\/product_brand?post=18320"},{"taxonomy":"product_cat","embeddable":true,"href":"https:\/\/ecocolor.cl\/tienda\/wp-json\/wp\/v2\/product_cat?post=18320"},{"taxonomy":"product_tag","embeddable":true,"href":"https:\/\/ecocolor.cl\/tienda\/wp-json\/wp\/v2\/product_tag?post=18320"}],"curies":[{"name":"wp","href":"https:\/\/api.w.org\/{rel}","templated":true}]}}