{"id":17521,"date":"2025-05-16T18:41:12","date_gmt":"2025-05-16T21:41:12","guid":{"rendered":"https:\/\/ecocolor.cl\/tienda\/?post_type=product&#038;p=17521"},"modified":"2026-05-12T13:35:30","modified_gmt":"2026-05-12T16:35:30","slug":"impresora-multifuncional-brother-dcp-t730dw-inkbenefit-tank-wifi-duplex-adf","status":"publish","type":"product","link":"https:\/\/ecocolor.cl\/tienda\/producto\/impresora-multifuncional-brother-dcp-t730dw-inkbenefit-tank-wifi-duplex-adf\/","title":{"rendered":"Impresora Brother DCP-T730DW InkBenefit Tank \/ Multifuncional Wifi \/ Duplex \/ Adf"},"content":{"rendered":"<p class=\"m-b-10\"><strong>Caracter\u00edsticas Principales<\/strong><\/p>\n<ul>\n<li><b>Dise\u00f1ada para la eficiencia y la productividad: <\/b> velocidad de impresi\u00f3n de hasta 27 ppm en negro y 11 ppm en color (modo Eco) y de hasta 16 ipm en negro y 9 ipm en color (ISO\/IEC 24734).<\/li>\n<li><b>Ahorra con las tintas de alto rendimiento: <\/b> imprime hasta 15.000 p\u00e1ginas en negro y 5.000 p\u00e1ginas a color con las botellas de tinta incluidas.<\/li>\n<li><b>Reabastecimiento r\u00e1pido y f\u00e1cil: <\/b> las nuevas botellas de tinta antiderrames llenan el tanque en segundos.<\/li>\n<li><b>Conectividad sencilla: <\/b> Interfaces inal\u00e1mbrica de dos bandas (2,4 GHz\/5 GHz) y USB 2.0 de alta velocidad.<\/li>\n<li><b>Bandejas de papel convenientes: <\/b> incluye una bandeja de papel de 150 hojas y una ranura de alimentaci\u00f3n manual de una hoja para distintos tama\u00f1os de papel, como sobres, fotograf\u00edas, etc.<\/li>\n<li><b>Impresora 3 en 1: <\/b> disfruta de imprimir, copiar y escanear en un solo equipo de tama\u00f1o compacto.<\/li>\n<li><b>Impresi\u00f3n d\u00faplex autom\u00e1tica: <\/b> imprime por ambas caras de papel hasta tama\u00f1o A4\/carta para utilizar menos hojas, tiempo y dinero.<\/li>\n<li><b>Esc\u00e1ner cama plana: <\/b> facilita la documentaci\u00f3n de material encuadernado o grueso.<\/li>\n<li><b>Pantalla LCD:<\/b> panel de control f\u00e1cil de usar que incluye bot\u00f3n para seleccionar tama\u00f1o de papel a imprimir o copiar.<\/li>\n<\/ul>\n<p>&nbsp;<\/p>\n","protected":false},"excerpt":{"rendered":"<p>Caracter\u00edsticas Principales Dise\u00f1ada para la eficiencia y la productividad: velocidad de impresi\u00f3n de hasta 27 ppm en negro y 11 ppm en color (modo Eco) y de hasta 16 ipm en negro y 9 ipm en color (ISO\/IEC 24734). Ahorra con las tintas de alto rendimiento: imprime hasta 15.000 p\u00e1ginas en negro y 5.000 p\u00e1ginas [&hellip;]<\/p>\n","protected":false},"featured_media":17605,"comment_status":"open","ping_status":"closed","template":"","meta":{"site-sidebar-layout":"default","site-content-layout":"","ast-site-content-layout":"default","site-content-style":"default","site-sidebar-style":"default","ast-global-header-display":"","ast-banner-title-visibility":"","ast-main-header-display":"","ast-hfb-above-header-display":"","ast-hfb-below-header-display":"","ast-hfb-mobile-header-display":"","site-post-title":"","ast-breadcrumbs-content":"","ast-featured-img":"","footer-sml-layout":"","theme-transparent-header-meta":"default","adv-header-id-meta":"","stick-header-meta":"","header-above-stick-meta":"","header-main-stick-meta":"","header-below-stick-meta":"","astra-migrate-meta-layouts":"set","ast-page-background-enabled":"default","ast-page-background-meta":{"desktop":{"background-color":"","background-image":"","background-repeat":"repeat","background-position":"center center","background-size":"auto","background-attachment":"scroll","background-type":"","background-media":"","overlay-type":"","overlay-color":"","overlay-opacity":"","overlay-gradient":""},"tablet":{"background-color":"","background-image":"","background-repeat":"repeat","background-position":"center center","background-size":"auto","background-attachment":"scroll","background-type":"","background-media":"","overlay-type":"","overlay-color":"","overlay-opacity":"","overlay-gradient":""},"mobile":{"background-color":"","background-image":"","background-repeat":"repeat","background-position":"center center","background-size":"auto","background-attachment":"scroll","background-type":"","background-media":"","overlay-type":"","overlay-color":"","overlay-opacity":"","overlay-gradient":""}},"ast-content-background-meta":{"desktop":{"background-color":"var(--ast-global-color-5)","background-image":"","background-repeat":"repeat","background-position":"center center","background-size":"auto","background-attachment":"scroll","background-type":"","background-media":"","overlay-type":"","overlay-color":"","overlay-opacity":"","overlay-gradient":""},"tablet":{"background-color":"var(--ast-global-color-5)","background-image":"","background-repeat":"repeat","background-position":"center center","background-size":"auto","background-attachment":"scroll","background-type":"","background-media":"","overlay-type":"","overlay-color":"","overlay-opacity":"","overlay-gradient":""},"mobile":{"background-color":"var(--ast-global-color-5)","background-image":"","background-repeat":"repeat","background-position":"center center","background-size":"auto","background-attachment":"scroll","background-type":"","background-media":"","overlay-type":"","overlay-color":"","overlay-opacity":"","overlay-gradient":""}}},"product_brand":[],"product_cat":[322,382],"product_tag":[],"class_list":{"0":"post-17521","1":"product","2":"type-product","3":"status-publish","4":"has-post-thumbnail","6":"product_cat-4-impresoras","7":"product_cat-inkjet","8":"desktop-align-left","9":"tablet-align-left","10":"mobile-align-left","12":"first","13":"instock","14":"taxable","15":"shipping-taxable","16":"purchasable","17":"product-type-simple"},"_links":{"self":[{"href":"https:\/\/ecocolor.cl\/tienda\/wp-json\/wp\/v2\/product\/17521","targetHints":{"allow":["GET"]}}],"collection":[{"href":"https:\/\/ecocolor.cl\/tienda\/wp-json\/wp\/v2\/product"}],"about":[{"href":"https:\/\/ecocolor.cl\/tienda\/wp-json\/wp\/v2\/types\/product"}],"replies":[{"embeddable":true,"href":"https:\/\/ecocolor.cl\/tienda\/wp-json\/wp\/v2\/comments?post=17521"}],"version-history":[{"count":2,"href":"https:\/\/ecocolor.cl\/tienda\/wp-json\/wp\/v2\/product\/17521\/revisions"}],"predecessor-version":[{"id":18424,"href":"https:\/\/ecocolor.cl\/tienda\/wp-json\/wp\/v2\/product\/17521\/revisions\/18424"}],"wp:featuredmedia":[{"embeddable":true,"href":"https:\/\/ecocolor.cl\/tienda\/wp-json\/wp\/v2\/media\/17605"}],"wp:attachment":[{"href":"https:\/\/ecocolor.cl\/tienda\/wp-json\/wp\/v2\/media?parent=17521"}],"wp:term":[{"taxonomy":"product_brand","embeddable":true,"href":"https:\/\/ecocolor.cl\/tienda\/wp-json\/wp\/v2\/product_brand?post=17521"},{"taxonomy":"product_cat","embeddable":true,"href":"https:\/\/ecocolor.cl\/tienda\/wp-json\/wp\/v2\/product_cat?post=17521"},{"taxonomy":"product_tag","embeddable":true,"href":"https:\/\/ecocolor.cl\/tienda\/wp-json\/wp\/v2\/product_tag?post=17521"}],"curies":[{"name":"wp","href":"https:\/\/api.w.org\/{rel}","templated":true}]}}