{"id":12677,"date":"2024-08-08T15:54:50","date_gmt":"2024-08-08T18:54:50","guid":{"rendered":"http:\/\/137.184.103.83\/ecocolor\/?post_type=product&#038;p=12677"},"modified":"2026-02-25T13:31:02","modified_gmt":"2026-02-25T16:31:02","slug":"impresora-canon-pixma-g4170-multifuncional-wifi-adf-tinta-continua","status":"publish","type":"product","link":"https:\/\/ecocolor.cl\/tienda\/producto\/impresora-canon-pixma-g4170-multifuncional-wifi-adf-tinta-continua\/","title":{"rendered":"Impresora Canon Pixma G4170 Multifuncional \/ Wifi \/ Adf \/ Tinta Continua"},"content":{"rendered":"<p>DETALLE PRODUCTO<br \/>Impresora Multifuncional con Tinta Continua <br \/>Canon Pixma G4170 Negra<\/p>\n<p>Impresora-Esc\u00e1ner-Copiadora-ADF &#8211; Fax <br \/>(incluye: maquina + cables USB y energ\u00eda +4 Tintas)<br \/>Botellas de tinta Canon GI-11 Negra (135ml) + Cian (70ml)<\/p>\n<p>Magenta (70ml) + Amarilla (70ml) + manuales)<br \/>Conexi\u00f3n: Wifi y USB<br \/>Imprimir\u00e1s 6.000 P\u00e1ginas en Negro y 7.700 a Color.<br \/>ADF (Alimentador autom\u00e1tico de documentos)<\/p>\n<p>Copie \u00f3 escanee f\u00e1cilmente documentos de varias p\u00e1ginas <br \/>en tama\u00f1o Carta (papel com\u00fan) con el alimentador autom\u00e1tico<br \/>de documentos de 35 hojas.<\/p>\n<p>Botellas de tinta compatibles GI-11<\/p>\n<\/p><\/p>\n","protected":false},"excerpt":{"rendered":"<p>DETALLE PRODUCTOImpresora Multifuncional con Tinta Continua Canon Pixma G4170 Negra Impresora-Esc\u00e1ner-Copiadora-ADF &#8211; Fax (incluye: maquina + cables USB y energ\u00eda +4 Tintas)Botellas de tinta Canon GI-11 Negra (135ml) + Cian (70ml) Magenta (70ml) + Amarilla (70ml) + manuales)Conexi\u00f3n: Wifi y USBImprimir\u00e1s 6.000 P\u00e1ginas en Negro y 7.700 a Color.ADF (Alimentador autom\u00e1tico de documentos) Copie \u00f3 [&hellip;]<\/p>\n","protected":false},"featured_media":14384,"comment_status":"open","ping_status":"closed","template":"","meta":{"site-sidebar-layout":"default","site-content-layout":"","ast-site-content-layout":"default","site-content-style":"default","site-sidebar-style":"default","ast-global-header-display":"","ast-banner-title-visibility":"","ast-main-header-display":"","ast-hfb-above-header-display":"","ast-hfb-below-header-display":"","ast-hfb-mobile-header-display":"","site-post-title":"","ast-breadcrumbs-content":"","ast-featured-img":"","footer-sml-layout":"","theme-transparent-header-meta":"default","adv-header-id-meta":"","stick-header-meta":"","header-above-stick-meta":"","header-main-stick-meta":"","header-below-stick-meta":"","astra-migrate-meta-layouts":"set","ast-page-background-enabled":"default","ast-page-background-meta":{"desktop":{"background-color":"","background-image":"","background-repeat":"repeat","background-position":"center center","background-size":"auto","background-attachment":"scroll","background-type":"","background-media":"","overlay-type":"","overlay-color":"","overlay-opacity":"","overlay-gradient":""},"tablet":{"background-color":"","background-image":"","background-repeat":"repeat","background-position":"center center","background-size":"auto","background-attachment":"scroll","background-type":"","background-media":"","overlay-type":"","overlay-color":"","overlay-opacity":"","overlay-gradient":""},"mobile":{"background-color":"","background-image":"","background-repeat":"repeat","background-position":"center center","background-size":"auto","background-attachment":"scroll","background-type":"","background-media":"","overlay-type":"","overlay-color":"","overlay-opacity":"","overlay-gradient":""}},"ast-content-background-meta":{"desktop":{"background-color":"var(--ast-global-color-5)","background-image":"","background-repeat":"repeat","background-position":"center center","background-size":"auto","background-attachment":"scroll","background-type":"","background-media":"","overlay-type":"","overlay-color":"","overlay-opacity":"","overlay-gradient":""},"tablet":{"background-color":"var(--ast-global-color-5)","background-image":"","background-repeat":"repeat","background-position":"center center","background-size":"auto","background-attachment":"scroll","background-type":"","background-media":"","overlay-type":"","overlay-color":"","overlay-opacity":"","overlay-gradient":""},"mobile":{"background-color":"var(--ast-global-color-5)","background-image":"","background-repeat":"repeat","background-position":"center center","background-size":"auto","background-attachment":"scroll","background-type":"","background-media":"","overlay-type":"","overlay-color":"","overlay-opacity":"","overlay-gradient":""}}},"product_brand":[],"product_cat":[322,382],"product_tag":[],"class_list":{"0":"post-12677","1":"product","2":"type-product","3":"status-publish","4":"has-post-thumbnail","6":"product_cat-4-impresoras","7":"product_cat-inkjet","8":"desktop-align-left","9":"tablet-align-left","10":"mobile-align-left","12":"first","13":"instock","14":"taxable","15":"shipping-taxable","16":"purchasable","17":"product-type-simple"},"_links":{"self":[{"href":"https:\/\/ecocolor.cl\/tienda\/wp-json\/wp\/v2\/product\/12677","targetHints":{"allow":["GET"]}}],"collection":[{"href":"https:\/\/ecocolor.cl\/tienda\/wp-json\/wp\/v2\/product"}],"about":[{"href":"https:\/\/ecocolor.cl\/tienda\/wp-json\/wp\/v2\/types\/product"}],"replies":[{"embeddable":true,"href":"https:\/\/ecocolor.cl\/tienda\/wp-json\/wp\/v2\/comments?post=12677"}],"version-history":[{"count":2,"href":"https:\/\/ecocolor.cl\/tienda\/wp-json\/wp\/v2\/product\/12677\/revisions"}],"predecessor-version":[{"id":15629,"href":"https:\/\/ecocolor.cl\/tienda\/wp-json\/wp\/v2\/product\/12677\/revisions\/15629"}],"wp:featuredmedia":[{"embeddable":true,"href":"https:\/\/ecocolor.cl\/tienda\/wp-json\/wp\/v2\/media\/14384"}],"wp:attachment":[{"href":"https:\/\/ecocolor.cl\/tienda\/wp-json\/wp\/v2\/media?parent=12677"}],"wp:term":[{"taxonomy":"product_brand","embeddable":true,"href":"https:\/\/ecocolor.cl\/tienda\/wp-json\/wp\/v2\/product_brand?post=12677"},{"taxonomy":"product_cat","embeddable":true,"href":"https:\/\/ecocolor.cl\/tienda\/wp-json\/wp\/v2\/product_cat?post=12677"},{"taxonomy":"product_tag","embeddable":true,"href":"https:\/\/ecocolor.cl\/tienda\/wp-json\/wp\/v2\/product_tag?post=12677"}],"curies":[{"name":"wp","href":"https:\/\/api.w.org\/{rel}","templated":true}]}}