{"id":12654,"date":"2024-08-08T15:54:45","date_gmt":"2024-08-08T18:54:45","guid":{"rendered":"http:\/\/137.184.103.83\/ecocolor\/?post_type=product&#038;p=12654"},"modified":"2026-05-08T14:43:11","modified_gmt":"2026-05-08T17:43:11","slug":"impresora-brother-laser-hl-l2320d-duplex-monocromatica","status":"publish","type":"product","link":"https:\/\/ecocolor.cl\/tienda\/producto\/impresora-brother-laser-hl-l2320d-duplex-monocromatica\/","title":{"rendered":"Impresora Brother L\u00e1ser HL-L2320D Duplex \/ Monocrom\u00e1tica"},"content":{"rendered":"<p><strong>Caracter\u00edsticas Principales<\/strong><\/p>\n<ul>\n<li><b><\/b> Aumenta la productividad con velocidad de impresi\u00f3n hasta 30 p\u00e1ginas por minuto\u2021<\/li>\n<li><b><\/b> Impresi\u00f3n de alta calidad.\u00a0Genera documentos con textos n\u00edtidos y gr\u00e1ficos excelentes con una resoluci\u00f3n de hasta 2.400 x 600 dpi.<\/li>\n<li><b><\/b> Impresi\u00f3n d\u00faplex autom\u00e1tica. Utilice la funcionalidad de impresi\u00f3n a dos caras autom\u00e1tica para imprimir ambas caras de sus documento en un solo paso y reducir el uso de papel junto con ahorrar dinero.<\/li>\n<li><b><\/b> Interfaz USB 2.0 de alta velocidad<\/li>\n<li><b><\/b> Manejo flexible de papel.\u00a0Bandeja de papel con capacidad para 250 hojas, que permite utilizar papeles tama\u00f1o carta o legal. Adicionalmente, incorpora ranura de alimentaci\u00f3n manual para la impresi\u00f3n de sobres y documentos m\u00e1s gruesos.<\/li>\n<li><b><\/b> Fiable y duradero. Dise\u00f1o robusto, ideal para oficinas y entornos atareados.<\/li>\n<li><b><\/b> Los t\u00f3ners originales de Brother te ofrecen un excelente rendimiento por p\u00e1gina, ayud\u00e1ndote a reducir significativamente los gastos de impresi\u00f3n.<\/li>\n<li>Consumibles: DR2340 \/ TN-2340 \/ 1.200 pags. \/ TN-2370 \/ 2.600 pags.<\/li>\n<p><img fetchpriority=\"high\" decoding=\"async\" class=\"alignnone size-full wp-image-17619\" src=\"https:\/\/ecocolor.cl\/tienda\/wp-content\/uploads\/2024\/08\/BROTHER-HL2320DFICHAok.jpg\" alt=\"\" width=\"875\" height=\"2250\" srcset=\"https:\/\/ecocolor.cl\/tienda\/wp-content\/uploads\/2024\/08\/BROTHER-HL2320DFICHAok.jpg 875w, https:\/\/ecocolor.cl\/tienda\/wp-content\/uploads\/2024\/08\/BROTHER-HL2320DFICHAok-117x300.jpg 117w, https:\/\/ecocolor.cl\/tienda\/wp-content\/uploads\/2024\/08\/BROTHER-HL2320DFICHAok-398x1024.jpg 398w, https:\/\/ecocolor.cl\/tienda\/wp-content\/uploads\/2024\/08\/BROTHER-HL2320DFICHAok-768x1975.jpg 768w, https:\/\/ecocolor.cl\/tienda\/wp-content\/uploads\/2024\/08\/BROTHER-HL2320DFICHAok-597x1536.jpg 597w, https:\/\/ecocolor.cl\/tienda\/wp-content\/uploads\/2024\/08\/BROTHER-HL2320DFICHAok-796x2048.jpg 796w, https:\/\/ecocolor.cl\/tienda\/wp-content\/uploads\/2024\/08\/BROTHER-HL2320DFICHAok-600x1543.jpg 600w\" sizes=\"(max-width: 875px) 100vw, 875px\" \/><\/p>\n","protected":false},"excerpt":{"rendered":"<p>Caracter\u00edsticas Principales Aumenta la productividad con velocidad de impresi\u00f3n hasta 30 p\u00e1ginas por minuto\u2021 Impresi\u00f3n de alta calidad.\u00a0Genera documentos con textos n\u00edtidos y gr\u00e1ficos excelentes con una resoluci\u00f3n de hasta 2.400 x 600 dpi. Impresi\u00f3n d\u00faplex autom\u00e1tica. Utilice la funcionalidad de impresi\u00f3n a dos caras autom\u00e1tica para imprimir ambas caras de sus documento en un [&hellip;]<\/p>\n","protected":false},"featured_media":14368,"comment_status":"open","ping_status":"closed","template":"","meta":{"site-sidebar-layout":"default","site-content-layout":"","ast-site-content-layout":"default","site-content-style":"default","site-sidebar-style":"default","ast-global-header-display":"","ast-banner-title-visibility":"","ast-main-header-display":"","ast-hfb-above-header-display":"","ast-hfb-below-header-display":"","ast-hfb-mobile-header-display":"","site-post-title":"","ast-breadcrumbs-content":"","ast-featured-img":"","footer-sml-layout":"","theme-transparent-header-meta":"default","adv-header-id-meta":"","stick-header-meta":"","header-above-stick-meta":"","header-main-stick-meta":"","header-below-stick-meta":"","astra-migrate-meta-layouts":"set","ast-page-background-enabled":"default","ast-page-background-meta":{"desktop":{"background-color":"","background-image":"","background-repeat":"repeat","background-position":"center center","background-size":"auto","background-attachment":"scroll","background-type":"","background-media":"","overlay-type":"","overlay-color":"","overlay-opacity":"","overlay-gradient":""},"tablet":{"background-color":"","background-image":"","background-repeat":"repeat","background-position":"center center","background-size":"auto","background-attachment":"scroll","background-type":"","background-media":"","overlay-type":"","overlay-color":"","overlay-opacity":"","overlay-gradient":""},"mobile":{"background-color":"","background-image":"","background-repeat":"repeat","background-position":"center center","background-size":"auto","background-attachment":"scroll","background-type":"","background-media":"","overlay-type":"","overlay-color":"","overlay-opacity":"","overlay-gradient":""}},"ast-content-background-meta":{"desktop":{"background-color":"var(--ast-global-color-5)","background-image":"","background-repeat":"repeat","background-position":"center center","background-size":"auto","background-attachment":"scroll","background-type":"","background-media":"","overlay-type":"","overlay-color":"","overlay-opacity":"","overlay-gradient":""},"tablet":{"background-color":"var(--ast-global-color-5)","background-image":"","background-repeat":"repeat","background-position":"center center","background-size":"auto","background-attachment":"scroll","background-type":"","background-media":"","overlay-type":"","overlay-color":"","overlay-opacity":"","overlay-gradient":""},"mobile":{"background-color":"var(--ast-global-color-5)","background-image":"","background-repeat":"repeat","background-position":"center center","background-size":"auto","background-attachment":"scroll","background-type":"","background-media":"","overlay-type":"","overlay-color":"","overlay-opacity":"","overlay-gradient":""}}},"product_brand":[],"product_cat":[322,383],"product_tag":[347],"class_list":{"0":"post-12654","1":"product","2":"type-product","3":"status-publish","4":"has-post-thumbnail","6":"product_cat-4-impresoras","7":"product_cat-laser","8":"product_tag-brother","9":"desktop-align-left","10":"tablet-align-left","11":"mobile-align-left","13":"first","14":"outofstock","15":"taxable","16":"shipping-taxable","17":"purchasable","18":"product-type-simple"},"_links":{"self":[{"href":"https:\/\/ecocolor.cl\/tienda\/wp-json\/wp\/v2\/product\/12654","targetHints":{"allow":["GET"]}}],"collection":[{"href":"https:\/\/ecocolor.cl\/tienda\/wp-json\/wp\/v2\/product"}],"about":[{"href":"https:\/\/ecocolor.cl\/tienda\/wp-json\/wp\/v2\/types\/product"}],"replies":[{"embeddable":true,"href":"https:\/\/ecocolor.cl\/tienda\/wp-json\/wp\/v2\/comments?post=12654"}],"version-history":[{"count":13,"href":"https:\/\/ecocolor.cl\/tienda\/wp-json\/wp\/v2\/product\/12654\/revisions"}],"predecessor-version":[{"id":17628,"href":"https:\/\/ecocolor.cl\/tienda\/wp-json\/wp\/v2\/product\/12654\/revisions\/17628"}],"wp:featuredmedia":[{"embeddable":true,"href":"https:\/\/ecocolor.cl\/tienda\/wp-json\/wp\/v2\/media\/14368"}],"wp:attachment":[{"href":"https:\/\/ecocolor.cl\/tienda\/wp-json\/wp\/v2\/media?parent=12654"}],"wp:term":[{"taxonomy":"product_brand","embeddable":true,"href":"https:\/\/ecocolor.cl\/tienda\/wp-json\/wp\/v2\/product_brand?post=12654"},{"taxonomy":"product_cat","embeddable":true,"href":"https:\/\/ecocolor.cl\/tienda\/wp-json\/wp\/v2\/product_cat?post=12654"},{"taxonomy":"product_tag","embeddable":true,"href":"https:\/\/ecocolor.cl\/tienda\/wp-json\/wp\/v2\/product_tag?post=12654"}],"curies":[{"name":"wp","href":"https:\/\/api.w.org\/{rel}","templated":true}]}}