{"id":12563,"date":"2024-08-08T15:54:24","date_gmt":"2024-08-08T18:54:24","guid":{"rendered":"http:\/\/137.184.103.83\/ecocolor\/?post_type=product&#038;p=12563"},"modified":"2026-04-13T13:27:37","modified_gmt":"2026-04-13T16:27:37","slug":"mc-g02-caja-mantencion-original-canon-impresoras-g2160-g3160","status":"publish","type":"product","link":"https:\/\/ecocolor.cl\/tienda\/producto\/mc-g02-caja-mantencion-original-canon-impresoras-g2160-g3160\/","title":{"rendered":"MC-G02 Caja Mantenimiento Canon Original G2160 \/ G3160"},"content":{"rendered":"<p>DETALLE PRODUCTO ORIGINAL<br \/>\nCanon MC-G02<br \/>\nCartucho de Mantenimiento \/ Caja de Mantenimiento \/ Tanque de Mantenimiento<br \/>\nTanque de Tinta de Desecho<\/p>\n<p>Para uso con Canon Pixma:<br \/>\nG2160 \/ G3160 \/ G510 \/ G610<\/p>\n<p>Funci\u00f3n:<br \/>\nAlmacena la tinta residual que se elimina<br \/>\ndurante la limpieza del cabezal de impresi\u00f3n.<br \/>\nEvitando llevar su impresora a Servicio T\u00e9cnico.<br \/>\n(como es el caso de Epson y Brother)<br \/>\nSu impresora y su software le informar\u00e1n<br \/>\ncuando sea necesario reemplazarlo.<\/p>\n","protected":false},"excerpt":{"rendered":"<p>DETALLE PRODUCTO ORIGINAL Canon MC-G02 Cartucho de Mantenimiento \/ Caja de Mantenimiento \/ Tanque de Mantenimiento Tanque de Tinta de Desecho Para uso con Canon Pixma: G2160 \/ G3160 \/ G510 \/ G610 Funci\u00f3n: Almacena la tinta residual que se elimina durante la limpieza del cabezal de impresi\u00f3n. Evitando llevar su impresora a Servicio T\u00e9cnico. [&hellip;]<\/p>\n","protected":false},"featured_media":14839,"comment_status":"open","ping_status":"closed","template":"","meta":{"site-sidebar-layout":"default","site-content-layout":"","ast-site-content-layout":"default","site-content-style":"default","site-sidebar-style":"default","ast-global-header-display":"","ast-banner-title-visibility":"","ast-main-header-display":"","ast-hfb-above-header-display":"","ast-hfb-below-header-display":"","ast-hfb-mobile-header-display":"","site-post-title":"","ast-breadcrumbs-content":"","ast-featured-img":"","footer-sml-layout":"","theme-transparent-header-meta":"default","adv-header-id-meta":"","stick-header-meta":"","header-above-stick-meta":"","header-main-stick-meta":"","header-below-stick-meta":"","astra-migrate-meta-layouts":"set","ast-page-background-enabled":"default","ast-page-background-meta":{"desktop":{"background-color":"","background-image":"","background-repeat":"repeat","background-position":"center center","background-size":"auto","background-attachment":"scroll","background-type":"","background-media":"","overlay-type":"","overlay-color":"","overlay-opacity":"","overlay-gradient":""},"tablet":{"background-color":"","background-image":"","background-repeat":"repeat","background-position":"center center","background-size":"auto","background-attachment":"scroll","background-type":"","background-media":"","overlay-type":"","overlay-color":"","overlay-opacity":"","overlay-gradient":""},"mobile":{"background-color":"","background-image":"","background-repeat":"repeat","background-position":"center center","background-size":"auto","background-attachment":"scroll","background-type":"","background-media":"","overlay-type":"","overlay-color":"","overlay-opacity":"","overlay-gradient":""}},"ast-content-background-meta":{"desktop":{"background-color":"var(--ast-global-color-5)","background-image":"","background-repeat":"repeat","background-position":"center center","background-size":"auto","background-attachment":"scroll","background-type":"","background-media":"","overlay-type":"","overlay-color":"","overlay-opacity":"","overlay-gradient":""},"tablet":{"background-color":"var(--ast-global-color-5)","background-image":"","background-repeat":"repeat","background-position":"center center","background-size":"auto","background-attachment":"scroll","background-type":"","background-media":"","overlay-type":"","overlay-color":"","overlay-opacity":"","overlay-gradient":""},"mobile":{"background-color":"var(--ast-global-color-5)","background-image":"","background-repeat":"repeat","background-position":"center center","background-size":"auto","background-attachment":"scroll","background-type":"","background-media":"","overlay-type":"","overlay-color":"","overlay-opacity":"","overlay-gradient":""}}},"product_brand":[],"product_cat":[316,368],"product_tag":[],"class_list":{"0":"post-12563","1":"product","2":"type-product","3":"status-publish","4":"has-post-thumbnail","6":"product_cat-1-tintas","7":"product_cat-canon","8":"desktop-align-left","9":"tablet-align-left","10":"mobile-align-left","12":"first","13":"instock","14":"taxable","15":"shipping-taxable","16":"purchasable","17":"product-type-simple"},"_links":{"self":[{"href":"https:\/\/ecocolor.cl\/tienda\/wp-json\/wp\/v2\/product\/12563","targetHints":{"allow":["GET"]}}],"collection":[{"href":"https:\/\/ecocolor.cl\/tienda\/wp-json\/wp\/v2\/product"}],"about":[{"href":"https:\/\/ecocolor.cl\/tienda\/wp-json\/wp\/v2\/types\/product"}],"replies":[{"embeddable":true,"href":"https:\/\/ecocolor.cl\/tienda\/wp-json\/wp\/v2\/comments?post=12563"}],"version-history":[{"count":4,"href":"https:\/\/ecocolor.cl\/tienda\/wp-json\/wp\/v2\/product\/12563\/revisions"}],"predecessor-version":[{"id":17845,"href":"https:\/\/ecocolor.cl\/tienda\/wp-json\/wp\/v2\/product\/12563\/revisions\/17845"}],"wp:featuredmedia":[{"embeddable":true,"href":"https:\/\/ecocolor.cl\/tienda\/wp-json\/wp\/v2\/media\/14839"}],"wp:attachment":[{"href":"https:\/\/ecocolor.cl\/tienda\/wp-json\/wp\/v2\/media?parent=12563"}],"wp:term":[{"taxonomy":"product_brand","embeddable":true,"href":"https:\/\/ecocolor.cl\/tienda\/wp-json\/wp\/v2\/product_brand?post=12563"},{"taxonomy":"product_cat","embeddable":true,"href":"https:\/\/ecocolor.cl\/tienda\/wp-json\/wp\/v2\/product_cat?post=12563"},{"taxonomy":"product_tag","embeddable":true,"href":"https:\/\/ecocolor.cl\/tienda\/wp-json\/wp\/v2\/product_tag?post=12563"}],"curies":[{"name":"wp","href":"https:\/\/api.w.org\/{rel}","templated":true}]}}