{"id":12373,"date":"2024-08-08T15:53:37","date_gmt":"2024-08-08T18:53:37","guid":{"rendered":"http:\/\/137.184.103.83\/ecocolor\/?post_type=product&#038;p=12373"},"modified":"2025-12-02T12:51:48","modified_gmt":"2025-12-02T15:51:48","slug":"tinta-hp-974x-amarillo-original-pro-452-477-552-577-alto-rendimiento","status":"publish","type":"product","link":"https:\/\/ecocolor.cl\/tienda\/producto\/tinta-hp-974x-amarillo-original-pro-452-477-552-577-alto-rendimiento\/","title":{"rendered":"Tinta Hp 974X Amarillo Original Pro 452 477 552 577 Alto Rendimiento"},"content":{"rendered":"<p><b>Impresoras compatibles<\/b><br \/>Impresora multifunci\u00f3n HP PageWide Pro 477dw (D3Q20C)<br \/>Impresora Multifunci\u00f3n HP PageWide Pro 577dw (D3Q21C)<br \/>Impresora HP PageWide Pro 452dw (D3Q16C)<br \/>Impresora HP PageWide Pro 552dw (D3Q17C)<\/p>\n<table class=\"jsx-428502957 specification-table\">\n<tbody class=\"jsx-428502957\">\n<tr class=\"jsx-428502957\">\n<td class=\"jsx-428502957 property-name\">Condici\u00f3n<\/td>\n<td class=\"jsx-428502957 property-value\">Nuevo<\/td>\n<\/tr>\n<tr class=\"jsx-428502957\">\n<td class=\"jsx-428502957 property-name\">Tipo de consumible<\/td>\n<td class=\"jsx-428502957 property-value\">Cartucho<\/td>\n<\/tr>\n<tr class=\"jsx-428502957\">\n<td class=\"jsx-428502957 property-name\"><\/td>\n<td class=\"jsx-428502957 property-value\"><\/td>\n<\/tr>\n<tr class=\"jsx-428502957\">\n<td class=\"jsx-428502957 property-name\">Color<\/td>\n<td class=\"jsx-428502957 property-value\">Amarillo<\/td>\n<\/tr>\n<tr class=\"jsx-428502957\">\n<td class=\"jsx-428502957 property-name\">Compatible con<\/td>\n<td class=\"jsx-428502957 property-value\">HP deskjet<\/td>\n<\/tr>\n<tr class=\"jsx-428502957\">\n<td class=\"jsx-428502957 property-name\"><\/td>\n<td class=\"jsx-428502957 property-value\"><\/td>\n<\/tr>\n<tr class=\"jsx-428502957\">\n<td class=\"jsx-428502957 property-name\"><\/td>\n<td class=\"jsx-428502957 property-value\"><\/td>\n<\/tr>\n<tr class=\"jsx-428502957\">\n<td class=\"jsx-428502957 property-name\"><\/td>\n<td class=\"jsx-428502957 property-value\"><\/td>\n<\/tr>\n<tr class=\"jsx-428502957\">\n<td class=\"jsx-428502957 property-name\">Modelo<\/td>\n<td class=\"jsx-428502957 property-value\">974x<\/td>\n<\/tr>\n<tr class=\"jsx-428502957\">\n<td class=\"jsx-428502957 property-name\">Hecho en<\/td>\n<td class=\"jsx-428502957 property-value\">China<\/td>\n<\/tr>\n<tr class=\"jsx-428502957\">\n<td class=\"jsx-428502957 property-name\">Rendimiento<\/td>\n<td class=\"jsx-428502957 property-value\">10.000<\/td>\n<\/tr>\n<\/tbody>\n<\/table>\n","protected":false},"excerpt":{"rendered":"<p>Impresoras compatiblesImpresora multifunci\u00f3n HP PageWide Pro 477dw (D3Q20C)Impresora Multifunci\u00f3n HP PageWide Pro 577dw (D3Q21C)Impresora HP PageWide Pro 452dw (D3Q16C)Impresora HP PageWide Pro 552dw (D3Q17C) Condici\u00f3n Nuevo Tipo de consumible Cartucho Color Amarillo Compatible con HP deskjet Modelo 974x Hecho en China Rendimiento 10.000<\/p>\n","protected":false},"featured_media":14779,"comment_status":"open","ping_status":"closed","template":"","meta":{"site-sidebar-layout":"default","site-content-layout":"","ast-site-content-layout":"","site-content-style":"default","site-sidebar-style":"default","ast-global-header-display":"","ast-banner-title-visibility":"","ast-main-header-display":"","ast-hfb-above-header-display":"","ast-hfb-below-header-display":"","ast-hfb-mobile-header-display":"","site-post-title":"","ast-breadcrumbs-content":"","ast-featured-img":"","footer-sml-layout":"","theme-transparent-header-meta":"","adv-header-id-meta":"","stick-header-meta":"","header-above-stick-meta":"","header-main-stick-meta":"","header-below-stick-meta":"","astra-migrate-meta-layouts":"default","ast-page-background-enabled":"default","ast-page-background-meta":{"desktop":{"background-color":"","background-image":"","background-repeat":"repeat","background-position":"center center","background-size":"auto","background-attachment":"scroll","background-type":"","background-media":"","overlay-type":"","overlay-color":"","overlay-opacity":"","overlay-gradient":""},"tablet":{"background-color":"","background-image":"","background-repeat":"repeat","background-position":"center center","background-size":"auto","background-attachment":"scroll","background-type":"","background-media":"","overlay-type":"","overlay-color":"","overlay-opacity":"","overlay-gradient":""},"mobile":{"background-color":"","background-image":"","background-repeat":"repeat","background-position":"center center","background-size":"auto","background-attachment":"scroll","background-type":"","background-media":"","overlay-type":"","overlay-color":"","overlay-opacity":"","overlay-gradient":""}},"ast-content-background-meta":{"desktop":{"background-color":"var(--ast-global-color-5)","background-image":"","background-repeat":"repeat","background-position":"center center","background-size":"auto","background-attachment":"scroll","background-type":"","background-media":"","overlay-type":"","overlay-color":"","overlay-opacity":"","overlay-gradient":""},"tablet":{"background-color":"var(--ast-global-color-5)","background-image":"","background-repeat":"repeat","background-position":"center center","background-size":"auto","background-attachment":"scroll","background-type":"","background-media":"","overlay-type":"","overlay-color":"","overlay-opacity":"","overlay-gradient":""},"mobile":{"background-color":"var(--ast-global-color-5)","background-image":"","background-repeat":"repeat","background-position":"center center","background-size":"auto","background-attachment":"scroll","background-type":"","background-media":"","overlay-type":"","overlay-color":"","overlay-opacity":"","overlay-gradient":""}}},"product_brand":[],"product_cat":[316,371],"product_tag":[],"class_list":{"0":"post-12373","1":"product","2":"type-product","3":"status-publish","4":"has-post-thumbnail","6":"product_cat-1-tintas","7":"product_cat-hp","8":"desktop-align-left","9":"tablet-align-left","10":"mobile-align-left","12":"first","13":"outofstock","14":"taxable","15":"shipping-taxable","16":"purchasable","17":"product-type-simple"},"_links":{"self":[{"href":"https:\/\/ecocolor.cl\/tienda\/wp-json\/wp\/v2\/product\/12373","targetHints":{"allow":["GET"]}}],"collection":[{"href":"https:\/\/ecocolor.cl\/tienda\/wp-json\/wp\/v2\/product"}],"about":[{"href":"https:\/\/ecocolor.cl\/tienda\/wp-json\/wp\/v2\/types\/product"}],"replies":[{"embeddable":true,"href":"https:\/\/ecocolor.cl\/tienda\/wp-json\/wp\/v2\/comments?post=12373"}],"version-history":[{"count":2,"href":"https:\/\/ecocolor.cl\/tienda\/wp-json\/wp\/v2\/product\/12373\/revisions"}],"predecessor-version":[{"id":15883,"href":"https:\/\/ecocolor.cl\/tienda\/wp-json\/wp\/v2\/product\/12373\/revisions\/15883"}],"wp:featuredmedia":[{"embeddable":true,"href":"https:\/\/ecocolor.cl\/tienda\/wp-json\/wp\/v2\/media\/14779"}],"wp:attachment":[{"href":"https:\/\/ecocolor.cl\/tienda\/wp-json\/wp\/v2\/media?parent=12373"}],"wp:term":[{"taxonomy":"product_brand","embeddable":true,"href":"https:\/\/ecocolor.cl\/tienda\/wp-json\/wp\/v2\/product_brand?post=12373"},{"taxonomy":"product_cat","embeddable":true,"href":"https:\/\/ecocolor.cl\/tienda\/wp-json\/wp\/v2\/product_cat?post=12373"},{"taxonomy":"product_tag","embeddable":true,"href":"https:\/\/ecocolor.cl\/tienda\/wp-json\/wp\/v2\/product_tag?post=12373"}],"curies":[{"name":"wp","href":"https:\/\/api.w.org\/{rel}","templated":true}]}}