{"id":7938,"date":"2024-06-24T17:30:39","date_gmt":"2024-06-24T20:30:39","guid":{"rendered":"http:\/\/137.184.103.83\/ecocolor\/?page_id=7938"},"modified":"2024-08-29T19:37:56","modified_gmt":"2024-08-29T22:37:56","slug":"condiciones-de-uso","status":"publish","type":"page","link":"https:\/\/ecocolor.cl\/tienda\/condiciones-de-uso\/","title":{"rendered":"Preguntas frecuentes"},"content":{"rendered":"\t\t<div data-elementor-type=\"wp-page\" data-elementor-id=\"7938\" class=\"elementor elementor-7938\">\n\t\t\t\t<div class=\"elementor-element elementor-element-32b956b e-flex e-con-boxed e-con e-parent\" data-id=\"32b956b\" data-element_type=\"container\">\n\t\t\t\t\t<div class=\"e-con-inner\">\n\t\t\t\t<div class=\"elementor-element elementor-element-dc4e7e7 elementor-widget elementor-widget-heading\" data-id=\"dc4e7e7\" data-element_type=\"widget\" data-widget_type=\"heading.default\">\n\t\t\t\t<div class=\"elementor-widget-container\">\n\t\t\t\t\t<h2 class=\"elementor-heading-title elementor-size-default\">Preguntas frecuentes...<\/h2>\t\t\t\t<\/div>\n\t\t\t\t<\/div>\n\t\t\t\t\t<\/div>\n\t\t\t\t<\/div>\n\t\t<div class=\"elementor-element elementor-element-508d90c e-flex e-con-boxed e-con e-parent\" data-id=\"508d90c\" data-element_type=\"container\">\n\t\t\t\t\t<div class=\"e-con-inner\">\n\t\t\t\t<div class=\"elementor-element elementor-element-ed2af49 elementor-widget elementor-widget-heading\" data-id=\"ed2af49\" data-element_type=\"widget\" data-widget_type=\"heading.default\">\n\t\t\t\t<div class=\"elementor-widget-container\">\n\t\t\t\t\t<h3 class=\"elementor-heading-title elementor-size-default\">Devoluciones y reembolos<\/h3>\t\t\t\t<\/div>\n\t\t\t\t<\/div>\n\t\t\t\t\t<\/div>\n\t\t\t\t<\/div>\n\t\t<div class=\"elementor-element elementor-element-09cde62 e-flex e-con-boxed e-con e-parent\" data-id=\"09cde62\" data-element_type=\"container\">\n\t\t\t\t\t<div class=\"e-con-inner\">\n\t\t\t\t<div class=\"elementor-element elementor-element-0142355 elementor-widget elementor-widget-text-editor\" data-id=\"0142355\" data-element_type=\"widget\" data-widget_type=\"text-editor.default\">\n\t\t\t\t<div class=\"elementor-widget-container\">\n\t\t\t\t\t\t\t\t\t<p>Se hacen devoluciones y reembolsos por favor contactar a <strong>ventas@ecocolor.cl<\/strong><\/p>\t\t\t\t\t\t\t\t<\/div>\n\t\t\t\t<\/div>\n\t\t\t\t\t<\/div>\n\t\t\t\t<\/div>\n\t\t<div class=\"elementor-element elementor-element-b058ee2 e-flex e-con-boxed e-con e-parent\" data-id=\"b058ee2\" data-element_type=\"container\">\n\t\t\t\t\t<div class=\"e-con-inner\">\n\t\t\t\t<div class=\"elementor-element elementor-element-ab967db elementor-widget elementor-widget-heading\" data-id=\"ab967db\" data-element_type=\"widget\" data-widget_type=\"heading.default\">\n\t\t\t\t<div class=\"elementor-widget-container\">\n\t\t\t\t\t<h2 class=\"elementor-heading-title elementor-size-default\">\u00bfComo comprar a trav\u00e9s de nuestra Web ? Muy F\u00e1cil...<\/h2>\t\t\t\t<\/div>\n\t\t\t\t<\/div>\n\t\t\t\t<div class=\"elementor-element elementor-element-ed61c49 elementor-widget elementor-widget-heading\" data-id=\"ed61c49\" data-element_type=\"widget\" data-widget_type=\"heading.default\">\n\t\t\t\t<div class=\"elementor-widget-container\">\n\t\t\t\t\t<h3 class=\"elementor-heading-title elementor-size-default\">Paso 1 - Elija sus productos\n<\/h3>\t\t\t\t<\/div>\n\t\t\t\t<\/div>\n\t\t\t\t\t<\/div>\n\t\t\t\t<\/div>\n\t\t<div class=\"elementor-element elementor-element-09e4f2c e-flex e-con-boxed e-con e-parent\" data-id=\"09e4f2c\" data-element_type=\"container\">\n\t\t\t\t\t<div class=\"e-con-inner\">\n\t\t\t\t<div class=\"elementor-element elementor-element-0d64985 elementor-widget elementor-widget-text-editor\" data-id=\"0d64985\" data-element_type=\"widget\" data-widget_type=\"text-editor.default\">\n\t\t\t\t<div class=\"elementor-widget-container\">\n\t\t\t\t\t\t\t\t\t<p><span title=\"Contenu de la r\u00e8gle num\u00e9ro 1\">1-Puede utilizar el BUSCADOR (Lado superior derecho)<\/span><\/p><p><span title=\"Contenu de la r\u00e8gle num\u00e9ro 1\">2-Utilice men\u00fa lado izquierdo y busque por categor\u00eda o marca (Tintas, toner, Hp, Canon, etc.)<\/span><\/p><p><span title=\"Contenu de la r\u00e8gle num\u00e9ro 1\">3-Selecione su producto haciendo click en COMPRAR.<\/span><\/p><p><span title=\"Contenu de la r\u00e8gle num\u00e9ro 1\">Puede a\u00f1adir cuantos productos usted quiera, el sistema le indicar\u00e1 si un producto se encuentra agotado.<\/span><\/p>\t\t\t\t\t\t\t\t<\/div>\n\t\t\t\t<\/div>\n\t\t\t\t\t<\/div>\n\t\t\t\t<\/div>\n\t\t<div class=\"elementor-element elementor-element-ffe92bb e-flex e-con-boxed e-con e-parent\" data-id=\"ffe92bb\" data-element_type=\"container\">\n\t\t\t\t\t<div class=\"e-con-inner\">\n\t\t\t\t<div class=\"elementor-element elementor-element-e74d59a elementor-widget elementor-widget-heading\" data-id=\"e74d59a\" data-element_type=\"widget\" data-widget_type=\"heading.default\">\n\t\t\t\t<div class=\"elementor-widget-container\">\n\t\t\t\t\t<h3 class=\"elementor-heading-title elementor-size-default\">Paso 2 - Registro<\/h3>\t\t\t\t<\/div>\n\t\t\t\t<\/div>\n\t\t\t\t\t<\/div>\n\t\t\t\t<\/div>\n\t\t<div class=\"elementor-element elementor-element-ad06530 e-flex e-con-boxed e-con e-parent\" data-id=\"ad06530\" data-element_type=\"container\">\n\t\t\t\t\t<div class=\"e-con-inner\">\n\t\t\t\t<div class=\"elementor-element elementor-element-0c200d5 elementor-widget elementor-widget-text-editor\" data-id=\"0c200d5\" data-element_type=\"widget\" data-widget_type=\"text-editor.default\">\n\t\t\t\t<div class=\"elementor-widget-container\">\n\t\t\t\t\t\t\t\t\t<p><span title=\"Contenu de la r\u00e8gle num\u00e9ro 2\"><strong>Si usted es cliente nuevo:<\/strong>\u00a0Ingrese su correo y luego llene los datos del formulario, recuerde bien su clave (password) y siga con el proceso de compra. Los datos ingresados por usted ser\u00e1n enviados a su correo.<\/span><\/p><p><span title=\"Contenu de la r\u00e8gle num\u00e9ro 2\"><strong>Si usted YA es cliente:<\/strong>\u00a0Ingr<\/span><span title=\"Contenu de la r\u00e8gle num\u00e9ro 2\">ese su correo y clave secreta\u00a0 (password)<br \/><\/span><\/p>\t\t\t\t\t\t\t\t<\/div>\n\t\t\t\t<\/div>\n\t\t\t\t\t<\/div>\n\t\t\t\t<\/div>\n\t\t<div class=\"elementor-element elementor-element-ac5a955 e-flex e-con-boxed e-con e-parent\" data-id=\"ac5a955\" data-element_type=\"container\">\n\t\t\t\t\t<div class=\"e-con-inner\">\n\t\t\t\t<div class=\"elementor-element elementor-element-28665b0 elementor-widget elementor-widget-heading\" data-id=\"28665b0\" data-element_type=\"widget\" data-widget_type=\"heading.default\">\n\t\t\t\t<div class=\"elementor-widget-container\">\n\t\t\t\t\t<h3 class=\"elementor-heading-title elementor-size-default\">Paso 3 - Elija su medio de transporte<\/h3>\t\t\t\t<\/div>\n\t\t\t\t<\/div>\n\t\t\t\t\t<\/div>\n\t\t\t\t<\/div>\n\t\t<div class=\"elementor-element elementor-element-f1d7d1b e-flex e-con-boxed e-con e-parent\" data-id=\"f1d7d1b\" data-element_type=\"container\">\n\t\t\t\t\t<div class=\"e-con-inner\">\n\t\t\t\t<div class=\"elementor-element elementor-element-c5ae06a elementor-widget elementor-widget-text-editor\" data-id=\"c5ae06a\" data-element_type=\"widget\" data-widget_type=\"text-editor.default\">\n\t\t\t\t<div class=\"elementor-widget-container\">\n\t\t\t\t\t\t\t\t\t<p><span title=\"Contenu de la r\u00e8gle num\u00e9ro 3\">Podr\u00e1 elegir entre:<\/span><\/p><p><span title=\"Contenu de la r\u00e8gle num\u00e9ro 3\">1-Retiro en local (Gratis)<\/span><\/p><p><span title=\"Contenu de la r\u00e8gle num\u00e9ro 3\">2- Despacho tienda.<\/span><\/p>\t\t\t\t\t\t\t\t<\/div>\n\t\t\t\t<\/div>\n\t\t\t\t\t<\/div>\n\t\t\t\t<\/div>\n\t\t<div class=\"elementor-element elementor-element-82716c4 e-flex e-con-boxed e-con e-parent\" data-id=\"82716c4\" data-element_type=\"container\">\n\t\t\t\t\t<div class=\"e-con-inner\">\n\t\t\t\t<div class=\"elementor-element elementor-element-845dc7a elementor-widget elementor-widget-heading\" data-id=\"845dc7a\" data-element_type=\"widget\" data-widget_type=\"heading.default\">\n\t\t\t\t<div class=\"elementor-widget-container\">\n\t\t\t\t\t<h3 class=\"elementor-heading-title elementor-size-default\">Paso 4 - Elija su medio de pago<\/h3>\t\t\t\t<\/div>\n\t\t\t\t<\/div>\n\t\t\t\t\t<\/div>\n\t\t\t\t<\/div>\n\t\t<div class=\"elementor-element elementor-element-2c0b4e2 e-flex e-con-boxed e-con e-parent\" data-id=\"2c0b4e2\" data-element_type=\"container\">\n\t\t\t\t\t<div class=\"e-con-inner\">\n\t\t\t\t<div class=\"elementor-element elementor-element-23a1986 elementor-widget elementor-widget-text-editor\" data-id=\"23a1986\" data-element_type=\"widget\" data-widget_type=\"text-editor.default\">\n\t\t\t\t<div class=\"elementor-widget-container\">\n\t\t\t\t\t\t\t\t\t<p><span title=\"Contenu de la r\u00e8gle num\u00e9ro 3\">Puede cancelar de las siguientes maneras:<\/span><\/p><p><span title=\"Contenu de la r\u00e8gle num\u00e9ro 3\">1-Cancelar directamente en tienda al momento de retirar su producto ( Efectivo, tarjetas de Cr\u00e9dito y D\u00e9bito)<\/span><\/p><p><span title=\"Contenu de la r\u00e8gle num\u00e9ro 3\">2-Cancelar una vez recibido el producto *Solo Dentro de Santiago (Efectivo, transferencia electr\u00f3nica)<\/span><\/p><p><span title=\"Contenu de la r\u00e8gle num\u00e9ro 3\">3-Transferencia o dep\u00f3sito bancario *Para despachos fuera de Santiago.<\/span><\/p><p>\u00a0<\/p><p><strong>Nuestros datos para Dep\u00f3sito o Transferencia electr\u00f3nica son:<\/strong><br \/>Ecocolor ltda.<br \/>Rut: 76.115.080-4<br \/>Cta. Corriente Banco BCI 11645938<br \/><strong>Por favor enviar copia de dep\u00f3sito o transferencia electr\u00f3nica a:<\/strong><br \/>tienda@ecocolor.cl<\/p><p>\u00a0<\/p>\t\t\t\t\t\t\t\t<\/div>\n\t\t\t\t<\/div>\n\t\t\t\t\t<\/div>\n\t\t\t\t<\/div>\n\t\t<div class=\"elementor-element elementor-element-6980cc4 e-flex e-con-boxed e-con e-parent\" data-id=\"6980cc4\" data-element_type=\"container\" data-settings=\"{&quot;background_background&quot;:&quot;classic&quot;}\">\n\t\t\t\t\t<div class=\"e-con-inner\">\n\t\t\t\t\t<\/div>\n\t\t\t\t<\/div>\n\t\t\t\t<\/div>\n\t\t","protected":false},"excerpt":{"rendered":"<p>Preguntas frecuentes&#8230; Devoluciones y reembolos Se hacen devoluciones y reembolsos por favor contactar a ventas@ecocolor.cl \u00bfComo comprar a trav\u00e9s de nuestra Web ? Muy F\u00e1cil&#8230; Paso 1 &#8211; Elija sus productos 1-Puede utilizar el BUSCADOR (Lado superior derecho) 2-Utilice men\u00fa lado izquierdo y busque por categor\u00eda o marca (Tintas, toner, Hp, Canon, etc.) 3-Selecione su [&hellip;]<\/p>\n","protected":false},"author":1,"featured_media":0,"parent":0,"menu_order":0,"comment_status":"closed","ping_status":"closed","template":"","meta":{"site-sidebar-layout":"no-sidebar","site-content-layout":"page-builder","ast-site-content-layout":"full-width-container","site-content-style":"default","site-sidebar-style":"default","ast-global-header-display":"","ast-banner-title-visibility":"","ast-main-header-display":"","ast-hfb-above-header-display":"","ast-hfb-below-header-display":"","ast-hfb-mobile-header-display":"","site-post-title":"disabled","ast-breadcrumbs-content":"","ast-featured-img":"disabled","footer-sml-layout":"","theme-transparent-header-meta":"","adv-header-id-meta":"","stick-header-meta":"","header-above-stick-meta":"","header-main-stick-meta":"","header-below-stick-meta":"","astra-migrate-meta-layouts":"set","ast-page-background-enabled":"default","ast-page-background-meta":{"desktop":{"background-color":"","background-image":"","background-repeat":"repeat","background-position":"center center","background-size":"auto","background-attachment":"scroll","background-type":"","background-media":"","overlay-type":"","overlay-color":"","overlay-opacity":"","overlay-gradient":""},"tablet":{"background-color":"","background-image":"","background-repeat":"repeat","background-position":"center center","background-size":"auto","background-attachment":"scroll","background-type":"","background-media":"","overlay-type":"","overlay-color":"","overlay-opacity":"","overlay-gradient":""},"mobile":{"background-color":"","background-image":"","background-repeat":"repeat","background-position":"center center","background-size":"auto","background-attachment":"scroll","background-type":"","background-media":"","overlay-type":"","overlay-color":"","overlay-opacity":"","overlay-gradient":""}},"ast-content-background-meta":{"desktop":{"background-color":"var(--ast-global-color-5)","background-image":"","background-repeat":"repeat","background-position":"center center","background-size":"auto","background-attachment":"scroll","background-type":"","background-media":"","overlay-type":"","overlay-color":"","overlay-opacity":"","overlay-gradient":""},"tablet":{"background-color":"var(--ast-global-color-5)","background-image":"","background-repeat":"repeat","background-position":"center center","background-size":"auto","background-attachment":"scroll","background-type":"","background-media":"","overlay-type":"","overlay-color":"","overlay-opacity":"","overlay-gradient":""},"mobile":{"background-color":"var(--ast-global-color-5)","background-image":"","background-repeat":"repeat","background-position":"center center","background-size":"auto","background-attachment":"scroll","background-type":"","background-media":"","overlay-type":"","overlay-color":"","overlay-opacity":"","overlay-gradient":""}},"footnotes":""},"class_list":["post-7938","page","type-page","status-publish","hentry"],"_links":{"self":[{"href":"https:\/\/ecocolor.cl\/tienda\/wp-json\/wp\/v2\/pages\/7938","targetHints":{"allow":["GET"]}}],"collection":[{"href":"https:\/\/ecocolor.cl\/tienda\/wp-json\/wp\/v2\/pages"}],"about":[{"href":"https:\/\/ecocolor.cl\/tienda\/wp-json\/wp\/v2\/types\/page"}],"author":[{"embeddable":true,"href":"https:\/\/ecocolor.cl\/tienda\/wp-json\/wp\/v2\/users\/1"}],"replies":[{"embeddable":true,"href":"https:\/\/ecocolor.cl\/tienda\/wp-json\/wp\/v2\/comments?post=7938"}],"version-history":[{"count":17,"href":"https:\/\/ecocolor.cl\/tienda\/wp-json\/wp\/v2\/pages\/7938\/revisions"}],"predecessor-version":[{"id":12905,"href":"https:\/\/ecocolor.cl\/tienda\/wp-json\/wp\/v2\/pages\/7938\/revisions\/12905"}],"wp:attachment":[{"href":"https:\/\/ecocolor.cl\/tienda\/wp-json\/wp\/v2\/media?parent=7938"}],"curies":[{"name":"wp","href":"https:\/\/api.w.org\/{rel}","templated":true}]}}