{"id":4422,"date":"2024-06-22T19:55:32","date_gmt":"2024-06-22T22:55:32","guid":{"rendered":"http:\/\/137.184.103.83\/ecocolor\/?page_id=4422"},"modified":"2024-08-29T19:38:22","modified_gmt":"2024-08-29T22:38:22","slug":"sucursales","status":"publish","type":"page","link":"https:\/\/ecocolor.cl\/tienda\/sucursales\/","title":{"rendered":"Sucursal"},"content":{"rendered":"\t\t<div data-elementor-type=\"wp-page\" data-elementor-id=\"4422\" class=\"elementor elementor-4422\">\n\t\t\t\t<div class=\"elementor-element elementor-element-21000ac2 e-con-full e-flex e-con e-parent\" data-id=\"21000ac2\" data-element_type=\"container\" data-settings=\"{&quot;background_background&quot;:&quot;classic&quot;}\">\n\t\t<div class=\"elementor-element elementor-element-82d85cb e-con-full e-flex e-con e-child\" data-id=\"82d85cb\" data-element_type=\"container\">\n\t\t\t\t<div class=\"elementor-element elementor-element-42e71c8e elementor-widget elementor-widget-image\" data-id=\"42e71c8e\" data-element_type=\"widget\" data-widget_type=\"image.default\">\n\t\t\t\t<div class=\"elementor-widget-container\">\n\t\t\t\t\t\t\t\t\t\t\t\t\t\t\t<img fetchpriority=\"high\" decoding=\"async\" width=\"1024\" height=\"712\" src=\"https:\/\/ecocolor.cl\/tienda\/wp-content\/uploads\/2024\/06\/CASA-DUBLE2021-1024x712.jpg\" class=\"attachment-large size-large wp-image-7835\" alt=\"\" srcset=\"https:\/\/ecocolor.cl\/tienda\/wp-content\/uploads\/2024\/06\/CASA-DUBLE2021-1024x712.jpg 1024w, https:\/\/ecocolor.cl\/tienda\/wp-content\/uploads\/2024\/06\/CASA-DUBLE2021-300x209.jpg 300w, https:\/\/ecocolor.cl\/tienda\/wp-content\/uploads\/2024\/06\/CASA-DUBLE2021-768x534.jpg 768w, https:\/\/ecocolor.cl\/tienda\/wp-content\/uploads\/2024\/06\/CASA-DUBLE2021-1536x1069.jpg 1536w, https:\/\/ecocolor.cl\/tienda\/wp-content\/uploads\/2024\/06\/CASA-DUBLE2021-2048x1425.jpg 2048w, https:\/\/ecocolor.cl\/tienda\/wp-content\/uploads\/2024\/06\/CASA-DUBLE2021-600x417.jpg 600w\" sizes=\"(max-width: 1024px) 100vw, 1024px\" \/>\t\t\t\t\t\t\t\t\t\t\t\t\t\t\t<\/div>\n\t\t\t\t<\/div>\n\t\t\t\t<\/div>\n\t\t<div class=\"elementor-element elementor-element-4c6ab3d8 e-con-full e-flex e-con e-child\" data-id=\"4c6ab3d8\" data-element_type=\"container\">\n\t\t\t\t<div class=\"elementor-element elementor-element-26dd72e0 elementor-widget elementor-widget-heading\" data-id=\"26dd72e0\" data-element_type=\"widget\" data-widget_type=\"heading.default\">\n\t\t\t\t<div class=\"elementor-widget-container\">\n\t\t\t\t\t<h2 class=\"elementor-heading-title elementor-size-default\">Casa Matriz:<\/h2>\t\t\t\t<\/div>\n\t\t\t\t<\/div>\n\t\t\t\t<div class=\"elementor-element elementor-element-7a74c982 elementor-widget elementor-widget-text-editor\" data-id=\"7a74c982\" data-element_type=\"widget\" data-widget_type=\"text-editor.default\">\n\t\t\t\t<div class=\"elementor-widget-container\">\n\t\t\t\t\t\t\t\t\t<p><span style=\"font-size: 16px;\">DUBLE ALMEYDA 1640 \u00d1U\u00d1OA<\/span><\/p><p><span style=\"font-size: 16px; font-style: inherit; font-weight: inherit; letter-spacing: 0px; word-spacing: 0em; text-align: var(--text-align);\">Metro Monse\u00f1or Eyzaguirre<\/span><\/p><div class=\"flex_container\"><div class=\"mar_r6 heading_color\">Lunes<\/div><div class=\"flex_child\"><strong>09:00 a 18:00<\/strong><\/div><\/div><div class=\"flex_container\"><div class=\"mar_r6 heading_color\">Martes<\/div><div class=\"flex_child\"><strong>09:00 a 18:00<\/strong><\/div><\/div><div class=\"flex_container\"><div class=\"mar_r6 heading_color\">Mi\u00e9rcoles<\/div><div class=\"flex_child\"><strong>09:00 a 18:00<\/strong><\/div><\/div><div class=\"flex_container\"><div class=\"mar_r6 heading_color\">Jueves<\/div><div class=\"flex_child\"><strong>09:00 a 18:00<\/strong><\/div><\/div><div class=\"flex_container\"><div class=\"mar_r6 heading_color\">Viernes<\/div><div class=\"flex_child\"><strong>09:00 a 18:00<\/strong><\/div><\/div><div class=\"flex_container\"><div class=\"mar_r6 heading_color\">S\u00e1bado<\/div><div class=\"flex_child\"><strong>10:00 a 13:00<\/strong><\/div><\/div><div class=\"flex_container\"><div class=\"mar_r6 heading_color\">Domingo<\/div><div class=\"flex_child\"><strong>Cerrado<\/strong><\/div><\/div>\t\t\t\t\t\t\t\t<\/div>\n\t\t\t\t<\/div>\n\t\t\t\t<\/div>\n\t\t\t\t<\/div>\n\t\t\t\t<\/div>\n\t\t","protected":false},"excerpt":{"rendered":"<p>Casa Matriz: DUBLE ALMEYDA 1640 \u00d1U\u00d1OA Metro Monse\u00f1or Eyzaguirre Lunes09:00 a 18:00Martes09:00 a 18:00Mi\u00e9rcoles09:00 a 18:00Jueves09:00 a 18:00Viernes09:00 a 18:00S\u00e1bado10:00 a 13:00DomingoCerrado<\/p>\n","protected":false},"author":1,"featured_media":0,"parent":0,"menu_order":0,"comment_status":"closed","ping_status":"closed","template":"","meta":{"site-sidebar-layout":"no-sidebar","site-content-layout":"page-builder","ast-site-content-layout":"full-width-container","site-content-style":"default","site-sidebar-style":"default","ast-global-header-display":"","ast-banner-title-visibility":"","ast-main-header-display":"","ast-hfb-above-header-display":"","ast-hfb-below-header-display":"","ast-hfb-mobile-header-display":"","site-post-title":"disabled","ast-breadcrumbs-content":"","ast-featured-img":"disabled","footer-sml-layout":"","theme-transparent-header-meta":"","adv-header-id-meta":"","stick-header-meta":"","header-above-stick-meta":"","header-main-stick-meta":"","header-below-stick-meta":"","astra-migrate-meta-layouts":"set","ast-page-background-enabled":"default","ast-page-background-meta":{"desktop":{"background-color":"","background-image":"","background-repeat":"repeat","background-position":"center center","background-size":"auto","background-attachment":"scroll","background-type":"","background-media":"","overlay-type":"","overlay-color":"","overlay-opacity":"","overlay-gradient":""},"tablet":{"background-color":"","background-image":"","background-repeat":"repeat","background-position":"center center","background-size":"auto","background-attachment":"scroll","background-type":"","background-media":"","overlay-type":"","overlay-color":"","overlay-opacity":"","overlay-gradient":""},"mobile":{"background-color":"","background-image":"","background-repeat":"repeat","background-position":"center center","background-size":"auto","background-attachment":"scroll","background-type":"","background-media":"","overlay-type":"","overlay-color":"","overlay-opacity":"","overlay-gradient":""}},"ast-content-background-meta":{"desktop":{"background-color":"var(--ast-global-color-5)","background-image":"","background-repeat":"repeat","background-position":"center center","background-size":"auto","background-attachment":"scroll","background-type":"","background-media":"","overlay-type":"","overlay-color":"","overlay-opacity":"","overlay-gradient":""},"tablet":{"background-color":"var(--ast-global-color-5)","background-image":"","background-repeat":"repeat","background-position":"center center","background-size":"auto","background-attachment":"scroll","background-type":"","background-media":"","overlay-type":"","overlay-color":"","overlay-opacity":"","overlay-gradient":""},"mobile":{"background-color":"var(--ast-global-color-5)","background-image":"","background-repeat":"repeat","background-position":"center center","background-size":"auto","background-attachment":"scroll","background-type":"","background-media":"","overlay-type":"","overlay-color":"","overlay-opacity":"","overlay-gradient":""}},"footnotes":""},"class_list":["post-4422","page","type-page","status-publish","hentry"],"_links":{"self":[{"href":"https:\/\/ecocolor.cl\/tienda\/wp-json\/wp\/v2\/pages\/4422","targetHints":{"allow":["GET"]}}],"collection":[{"href":"https:\/\/ecocolor.cl\/tienda\/wp-json\/wp\/v2\/pages"}],"about":[{"href":"https:\/\/ecocolor.cl\/tienda\/wp-json\/wp\/v2\/types\/page"}],"author":[{"embeddable":true,"href":"https:\/\/ecocolor.cl\/tienda\/wp-json\/wp\/v2\/users\/1"}],"replies":[{"embeddable":true,"href":"https:\/\/ecocolor.cl\/tienda\/wp-json\/wp\/v2\/comments?post=4422"}],"version-history":[{"count":59,"href":"https:\/\/ecocolor.cl\/tienda\/wp-json\/wp\/v2\/pages\/4422\/revisions"}],"predecessor-version":[{"id":12908,"href":"https:\/\/ecocolor.cl\/tienda\/wp-json\/wp\/v2\/pages\/4422\/revisions\/12908"}],"wp:attachment":[{"href":"https:\/\/ecocolor.cl\/tienda\/wp-json\/wp\/v2\/media?parent=4422"}],"curies":[{"name":"wp","href":"https:\/\/api.w.org\/{rel}","templated":true}]}}